{"id":234,"date":"2024-04-03T16:14:29","date_gmt":"2024-04-03T14:14:29","guid":{"rendered":"https:\/\/www.mercure-axlesthermes.com\/visites\/"},"modified":"2025-01-08T12:03:05","modified_gmt":"2025-01-08T11:03:05","slug":"visitas-a-ax-les-thermes","status":"publish","type":"page","link":"https:\/\/www.mercure-axlesthermes.com\/es\/turismo-visita-ax-les-thermes\/visitas-a-ax-les-thermes\/","title":{"rendered":"Visitas"},"content":{"rendered":"<div data-elementor-type=\"wp-page\" data-elementor-id=\"234\" class=\"elementor elementor-234\" data-elementor-post-type=\"page\">\n\t\t\t\t<div class=\"elementor-element elementor-element-549d723c e-flex e-con-boxed e-con e-parent\" data-id=\"549d723c\" data-element_type=\"container\" data-settings=\"{&quot;background_background&quot;:&quot;classic&quot;}\">\n\t\t\t\t\t<div class=\"e-con-inner\">\n\t\t<div class=\"elementor-element elementor-element-7ef4349c e-flex e-con-boxed e-con e-child\" data-id=\"7ef4349c\" data-element_type=\"container\">\n\t\t\t\t\t<div class=\"e-con-inner\">\n\t\t\t\t<div class=\"elementor-element elementor-element-6768ef83 elementor-widget elementor-widget-heading\" data-id=\"6768ef83\" data-element_type=\"widget\" data-widget_type=\"heading.default\">\n\t\t\t\t<div class=\"elementor-widget-container\">\n\t\t\t\t\t<h1 class=\"elementor-heading-title elementor-size-default\">Visitas<\/h1>\t\t\t\t<\/div>\n\t\t\t\t<\/div>\n\t\t\t\t\t<\/div>\n\t\t\t\t<\/div>\n\t\t\t\t\t<\/div>\n\t\t\t\t<\/div>\n\t\t<div class=\"elementor-element elementor-element-7a50508e e-flex e-con-boxed e-con e-parent\" data-id=\"7a50508e\" data-element_type=\"container\" data-settings=\"{&quot;background_background&quot;:&quot;classic&quot;}\">\n\t\t\t\t\t<div class=\"e-con-inner\">\n\t\t\t\t<div class=\"elementor-element elementor-element-47eaa54f elementor-widget elementor-widget-image\" data-id=\"47eaa54f\" data-element_type=\"widget\" data-widget_type=\"image.default\">\n\t\t\t\t<div class=\"elementor-widget-container\">\n\t\t\t\t\t\t\t\t\t\t\t\t\t\t\t<img decoding=\"async\" width=\"110\" height=\"4\" src=\"https:\/\/www.mercure-axlesthermes.com\/wp-content\/uploads\/2024\/04\/Groupe-525.svg\" class=\"attachment-full size-full wp-image-86\" alt=\"\" title=\"\">\t\t\t\t\t\t\t\t\t\t\t\t\t\t\t<\/div>\n\t\t\t\t<\/div>\n\t\t\t\t<div class=\"elementor-element elementor-element-4ca1ffde elementor-widget elementor-widget-heading\" data-id=\"4ca1ffde\" data-element_type=\"widget\" data-widget_type=\"heading.default\">\n\t\t\t\t<div class=\"elementor-widget-container\">\n\t\t\t\t\t<h2 class=\"elementor-heading-title elementor-size-default\">Las diferentes visitas<\/h2>\t\t\t\t<\/div>\n\t\t\t\t<\/div>\n\t\t\t\t<div class=\"elementor-element elementor-element-43f58894 elementor-widget elementor-widget-heading\" data-id=\"43f58894\" data-element_type=\"widget\" data-widget_type=\"heading.default\">\n\t\t\t\t<div class=\"elementor-widget-container\">\n\t\t\t\t\t<h3 class=\"elementor-heading-title elementor-size-default\">en la ciudad medieval y sus alrededores<\/h3>\t\t\t\t<\/div>\n\t\t\t\t<\/div>\n\t\t<div class=\"elementor-element elementor-element-65253200 e-con-full e-flex e-con e-child\" data-id=\"65253200\" data-element_type=\"container\" data-settings=\"{&quot;background_background&quot;:&quot;classic&quot;}\">\n\t\t\t\t<div class=\"elementor-element elementor-element-f6d3741 elementor-absolute elementor-widget elementor-widget-image\" data-id=\"f6d3741\" data-element_type=\"widget\" data-settings=\"{&quot;_position&quot;:&quot;absolute&quot;}\" data-widget_type=\"image.default\">\n\t\t\t\t<div class=\"elementor-widget-container\">\n\t\t\t\t\t\t\t\t\t\t\t\t\t\t\t<img fetchpriority=\"high\" decoding=\"async\" width=\"410\" height=\"1353\" src=\"https:\/\/www.mercure-axlesthermes.com\/wp-content\/uploads\/2024\/04\/Groupe-998-2x.png\" class=\"attachment-full size-full wp-image-108\" alt=\"\" srcset=\"https:\/\/www.mercure-axlesthermes.com\/wp-content\/uploads\/2024\/04\/Groupe-998-2x.png 410w, https:\/\/www.mercure-axlesthermes.com\/wp-content\/uploads\/2024\/04\/Groupe-998-2x-91x300.png 91w, https:\/\/www.mercure-axlesthermes.com\/wp-content\/uploads\/2024\/04\/Groupe-998-2x-310x1024.png 310w, https:\/\/www.mercure-axlesthermes.com\/wp-content\/uploads\/2024\/04\/Groupe-998-2x-4x12.png 4w\" sizes=\"(max-width: 410px) 100vw, 410px\" title=\"\">\t\t\t\t\t\t\t\t\t\t\t\t\t\t\t<\/div>\n\t\t\t\t<\/div>\n\t\t<div class=\"elementor-element elementor-element-37af43f9 e-con-full e-flex e-con e-child\" data-id=\"37af43f9\" data-element_type=\"container\" data-settings=\"{&quot;background_background&quot;:&quot;classic&quot;}\">\n\t\t\t\t<div class=\"elementor-element elementor-element-4afd8ef4 elementor-widget elementor-widget-image\" data-id=\"4afd8ef4\" data-element_type=\"widget\" data-widget_type=\"image.default\">\n\t\t\t\t<div class=\"elementor-widget-container\">\n\t\t\t\t\t\t\t\t\t\t\t\t\t\t\t<img decoding=\"async\" width=\"110\" height=\"4\" src=\"https:\/\/www.mercure-axlesthermes.com\/wp-content\/uploads\/2024\/04\/Groupe-525.svg\" class=\"attachment-full size-full wp-image-86\" alt=\"\" title=\"\">\t\t\t\t\t\t\t\t\t\t\t\t\t\t\t<\/div>\n\t\t\t\t<\/div>\n\t\t\t\t<div class=\"elementor-element elementor-element-2e12f582 elementor-widget elementor-widget-heading\" data-id=\"2e12f582\" data-element_type=\"widget\" data-widget_type=\"heading.default\">\n\t\t\t\t<div class=\"elementor-widget-container\">\n\t\t\t\t\t<h2 class=\"elementor-heading-title elementor-size-default\">La ciudad de Carcasona<\/h2>\t\t\t\t<\/div>\n\t\t\t\t<\/div>\n\t\t\t\t<div class=\"elementor-element elementor-element-712eaf2a elementor-widget elementor-widget-heading\" data-id=\"712eaf2a\" data-element_type=\"widget\" data-widget_type=\"heading.default\">\n\t\t\t\t<div class=\"elementor-widget-container\">\n\t\t\t\t\t<h3 class=\"elementor-heading-title elementor-size-default\">donde la historia resuena<\/h3>\t\t\t\t<\/div>\n\t\t\t\t<\/div>\n\t\t\t\t<\/div>\n\t\t<div class=\"elementor-element elementor-element-4ef6f966 e-con-full e-flex e-con e-child\" data-id=\"4ef6f966\" data-element_type=\"container\">\n\t\t\t\t<div class=\"elementor-element elementor-element-57e02e82 elementor-widget__width-initial elementor-widget-tablet__width-inherit elementor-widget elementor-widget-text-editor\" data-id=\"57e02e82\" data-element_type=\"widget\" data-widget_type=\"text-editor.default\">\n\t\t\t\t<div class=\"elementor-widget-container\">\n\t\t\t\t\t\t\t\t\t<p>Visitar Carcasona es como hacer un viaje en el tiempo, hasta 2.500 a\u00f1os atr\u00e1s. Enclavada en lo alto de una colina, la Cit\u00e9 medieval domina toda la ciudad y se erige como uno de los conjuntos medievales mejor conservados del mundo. Venga a descubrir esta joya de nuestra historia y pasee por sus encantadoras calles empedradas. Es un aut\u00e9ntico viaje de inmersi\u00f3n a la Edad Media.<\/p>\t\t\t\t\t\t\t\t<\/div>\n\t\t\t\t<\/div>\n\t\t\t\t<\/div>\n\t\t\t\t<\/div>\n\t\t<div class=\"elementor-element elementor-element-38a16177 e-con-full e-flex e-con e-child\" data-id=\"38a16177\" data-element_type=\"container\">\n\t\t<div class=\"elementor-element elementor-element-36187620 e-con-full e-flex e-con e-child\" data-id=\"36187620\" data-element_type=\"container\">\n\t\t\t\t<div class=\"elementor-element elementor-element-656530e8 elementor-widget__width-inherit elementor-widget elementor-widget-text-editor\" data-id=\"656530e8\" data-element_type=\"widget\" data-widget_type=\"text-editor.default\">\n\t\t\t\t<div class=\"elementor-widget-container\">\n\t\t\t\t\t\t\t\t\t<p>Pero Carcasona es mucho m\u00e1s que una ciudad medieval. Muy cerca se encuentra la parte baja de la ciudad, ahora conocida como la Bastide Saint-Louis, el Lac de la Cavay\u00e8re, un lugar ideal para refrescarse cuando hace buen tiempo, y el famoso Canal du Midi con sus magn\u00edficas esclusas. El Canal du Midi fue declarado Patrimonio de la Humanidad por la UNESCO en 1996.<\/p>\t\t\t\t\t\t\t\t<\/div>\n\t\t\t\t<\/div>\n\t\t\t\t<\/div>\n\t\t<div class=\"elementor-element elementor-element-1678399e e-con-full e-flex e-con e-child\" data-id=\"1678399e\" data-element_type=\"container\" data-settings=\"{&quot;background_background&quot;:&quot;classic&quot;}\">\n\t\t\t\t<div class=\"elementor-element elementor-element-6828b1d6 elementor-widget elementor-widget-image\" data-id=\"6828b1d6\" data-element_type=\"widget\" data-widget_type=\"image.default\">\n\t\t\t\t<div class=\"elementor-widget-container\">\n\t\t\t\t\t\t\t\t\t\t\t\t\t\t\t<img decoding=\"async\" width=\"110\" height=\"4\" src=\"https:\/\/www.mercure-axlesthermes.com\/wp-content\/uploads\/2024\/04\/Groupe-525.svg\" class=\"attachment-full size-full wp-image-86\" alt=\"\" title=\"\">\t\t\t\t\t\t\t\t\t\t\t\t\t\t\t<\/div>\n\t\t\t\t<\/div>\n\t\t\t\t<div class=\"elementor-element elementor-element-20dd3239 elementor-widget elementor-widget-heading\" data-id=\"20dd3239\" data-element_type=\"widget\" data-widget_type=\"heading.default\">\n\t\t\t\t<div class=\"elementor-widget-container\">\n\t\t\t\t\t<h2 class=\"elementor-heading-title elementor-size-default\">Visitas <\/h2>\t\t\t\t<\/div>\n\t\t\t\t<\/div>\n\t\t\t\t<div class=\"elementor-element elementor-element-2c05cb2c elementor-widget elementor-widget-heading\" data-id=\"2c05cb2c\" data-element_type=\"widget\" data-widget_type=\"heading.default\">\n\t\t\t\t<div class=\"elementor-widget-container\">\n\t\t\t\t\t<h3 class=\"elementor-heading-title elementor-size-default\">Alrededores de Carcasona<\/h3>\t\t\t\t<\/div>\n\t\t\t\t<\/div>\n\t\t\t\t<div class=\"elementor-element elementor-element-4705d401 elementor-absolute elementor-widget elementor-widget-image\" data-id=\"4705d401\" data-element_type=\"widget\" data-settings=\"{&quot;_position&quot;:&quot;absolute&quot;}\" data-widget_type=\"image.default\">\n\t\t\t\t<div class=\"elementor-widget-container\">\n\t\t\t\t\t\t\t\t\t\t\t\t\t\t\t<img fetchpriority=\"high\" decoding=\"async\" width=\"410\" height=\"1353\" src=\"https:\/\/www.mercure-axlesthermes.com\/wp-content\/uploads\/2024\/04\/Groupe-998-2x.png\" class=\"attachment-full size-full wp-image-108\" alt=\"\" srcset=\"https:\/\/www.mercure-axlesthermes.com\/wp-content\/uploads\/2024\/04\/Groupe-998-2x.png 410w, https:\/\/www.mercure-axlesthermes.com\/wp-content\/uploads\/2024\/04\/Groupe-998-2x-91x300.png 91w, https:\/\/www.mercure-axlesthermes.com\/wp-content\/uploads\/2024\/04\/Groupe-998-2x-310x1024.png 310w, https:\/\/www.mercure-axlesthermes.com\/wp-content\/uploads\/2024\/04\/Groupe-998-2x-4x12.png 4w\" sizes=\"(max-width: 410px) 100vw, 410px\" title=\"\">\t\t\t\t\t\t\t\t\t\t\t\t\t\t\t<\/div>\n\t\t\t\t<\/div>\n\t\t\t\t<\/div>\n\t\t\t\t<\/div>\n\t\t\t\t\t<\/div>\n\t\t\t\t<\/div>\n\t\t\t\t<\/div>","protected":false},"excerpt":{"rendered":"<p>Visites Les diff\u00e9rentes visites dans la cit\u00e9 m\u00e9di\u00e9vale et autour La Cit\u00e9 de Carcassonne l\u00e0 o\u00f9 l\u2019histoire r\u00e9sonne ! Faire des visites autour de Carcassonne, c\u2019est d\u2019abord faire un voyage dans le pass\u00e9, un retour jusqu\u2019\u00e0 2500 ans en arri\u00e8re. Nich\u00e9e au sommet d\u2019une colline, la Cit\u00e9 m\u00e9di\u00e9vale domine toute la ville et s\u2019\u00e9rige telle [&hellip;]<\/p>","protected":false},"author":5,"featured_media":237,"parent":238,"menu_order":0,"comment_status":"closed","ping_status":"closed","template":"","meta":{"inline_featured_image":false,"footnotes":""},"class_list":["post-234","page","type-page","status-publish","has-post-thumbnail","hentry"],"_links":{"self":[{"href":"https:\/\/www.mercure-axlesthermes.com\/es\/wp-json\/wp\/v2\/pages\/234","targetHints":{"allow":["GET"]}}],"collection":[{"href":"https:\/\/www.mercure-axlesthermes.com\/es\/wp-json\/wp\/v2\/pages"}],"about":[{"href":"https:\/\/www.mercure-axlesthermes.com\/es\/wp-json\/wp\/v2\/types\/page"}],"author":[{"embeddable":true,"href":"https:\/\/www.mercure-axlesthermes.com\/es\/wp-json\/wp\/v2\/users\/5"}],"replies":[{"embeddable":true,"href":"https:\/\/www.mercure-axlesthermes.com\/es\/wp-json\/wp\/v2\/comments?post=234"}],"version-history":[{"count":16,"href":"https:\/\/www.mercure-axlesthermes.com\/es\/wp-json\/wp\/v2\/pages\/234\/revisions"}],"predecessor-version":[{"id":1073,"href":"https:\/\/www.mercure-axlesthermes.com\/es\/wp-json\/wp\/v2\/pages\/234\/revisions\/1073"}],"up":[{"embeddable":true,"href":"https:\/\/www.mercure-axlesthermes.com\/es\/wp-json\/wp\/v2\/pages\/238"}],"wp:featuredmedia":[{"embeddable":true,"href":"https:\/\/www.mercure-axlesthermes.com\/es\/wp-json\/wp\/v2\/media\/237"}],"wp:attachment":[{"href":"https:\/\/www.mercure-axlesthermes.com\/es\/wp-json\/wp\/v2\/media?parent=234"}],"curies":[{"name":"wp","href":"https:\/\/api.w.org\/{rel}","templated":true}]}}