{"id":195,"date":"2024-04-03T16:14:20","date_gmt":"2024-04-03T14:14:20","guid":{"rendered":"https:\/\/www.mercure-axlesthermes.com\/actualites\/"},"modified":"2024-12-11T11:53:23","modified_gmt":"2024-12-11T10:53:23","slug":"nachrichten","status":"publish","type":"page","link":"https:\/\/www.mercure-axlesthermes.com\/de\/nachrichten\/","title":{"rendered":"Nachrichten"},"content":{"rendered":"<div data-elementor-type=\"wp-page\" data-elementor-id=\"195\" class=\"elementor elementor-195\" data-elementor-post-type=\"page\">\n\t\t\t\t<div class=\"elementor-element elementor-element-4ca0130b e-flex e-con-boxed e-con e-parent\" data-id=\"4ca0130b\" data-element_type=\"container\" data-settings=\"{&quot;background_background&quot;:&quot;classic&quot;}\">\n\t\t\t\t\t<div class=\"e-con-inner\">\n\t\t<div class=\"elementor-element elementor-element-6730b11f e-flex e-con-boxed e-con e-child\" data-id=\"6730b11f\" data-element_type=\"container\">\n\t\t\t\t\t<div class=\"e-con-inner\">\n\t\t\t\t<div class=\"elementor-element elementor-element-2222fad5 elementor-widget elementor-widget-heading\" data-id=\"2222fad5\" data-element_type=\"widget\" data-widget_type=\"heading.default\">\n\t\t\t\t<div class=\"elementor-widget-container\">\n\t\t\t\t\t<h1 class=\"elementor-heading-title elementor-size-default\">Nachrichten<\/h1>\t\t\t\t<\/div>\n\t\t\t\t<\/div>\n\t\t\t\t\t<\/div>\n\t\t\t\t<\/div>\n\t\t\t\t\t<\/div>\n\t\t\t\t<\/div>\n\t\t<div class=\"elementor-element elementor-element-4ba02c83 e-flex e-con-boxed e-con e-parent\" data-id=\"4ba02c83\" data-element_type=\"container\">\n\t\t\t\t\t<div class=\"e-con-inner\">\n\t\t\t\t<div class=\"elementor-element elementor-element-67559b35 elementor-widget elementor-widget-image\" data-id=\"67559b35\" data-element_type=\"widget\" data-widget_type=\"image.default\">\n\t\t\t\t<div class=\"elementor-widget-container\">\n\t\t\t\t\t\t\t\t\t\t\t\t\t\t\t<img decoding=\"async\" width=\"110\" height=\"4\" src=\"https:\/\/www.mercure-axlesthermes.com\/wp-content\/uploads\/2024\/04\/Groupe-525.svg\" class=\"attachment-full size-full wp-image-86\" alt=\"\" title=\"\">\t\t\t\t\t\t\t\t\t\t\t\t\t\t\t<\/div>\n\t\t\t\t<\/div>\n\t\t\t\t<div class=\"elementor-element elementor-element-2dbdc5c8 elementor-widget elementor-widget-heading\" data-id=\"2dbdc5c8\" data-element_type=\"widget\" data-widget_type=\"heading.default\">\n\t\t\t\t<div class=\"elementor-widget-container\">\n\t\t\t\t\t<h2 class=\"elementor-heading-title elementor-size-default\">Unsere letzten Nachrichten<\/h2>\t\t\t\t<\/div>\n\t\t\t\t<\/div>\n\t\t\t\t<div class=\"elementor-element elementor-element-169fdb91 elementor-widget elementor-widget-heading\" data-id=\"169fdb91\" data-element_type=\"widget\" data-widget_type=\"heading.default\">\n\t\t\t\t<div class=\"elementor-widget-container\">\n\t\t\t\t\t<h3 class=\"elementor-heading-title elementor-size-default\">Mercure Hotel Ax-les-Thermes<\/h3>\t\t\t\t<\/div>\n\t\t\t\t<\/div>\n\t\t\t\t<div class=\"elementor-element elementor-element-696ee91d elementor-arrows-position-inside elementor-widget elementor-widget-loop-carousel\" data-id=\"696ee91d\" data-element_type=\"widget\" data-settings=\"{&quot;template_id&quot;:&quot;105&quot;,&quot;image_spacing_custom&quot;:{&quot;unit&quot;:&quot;px&quot;,&quot;size&quot;:20,&quot;sizes&quot;:[]},&quot;_skin&quot;:&quot;post&quot;,&quot;slides_to_show&quot;:&quot;3&quot;,&quot;slides_to_show_tablet&quot;:&quot;2&quot;,&quot;slides_to_show_mobile&quot;:&quot;1&quot;,&quot;slides_to_scroll&quot;:&quot;1&quot;,&quot;edit_handle_selector&quot;:&quot;.elementor-loop-container&quot;,&quot;autoplay&quot;:&quot;yes&quot;,&quot;autoplay_speed&quot;:5000,&quot;pause_on_hover&quot;:&quot;yes&quot;,&quot;pause_on_interaction&quot;:&quot;yes&quot;,&quot;infinite&quot;:&quot;yes&quot;,&quot;speed&quot;:500,&quot;offset_sides&quot;:&quot;none&quot;,&quot;arrows&quot;:&quot;yes&quot;,&quot;image_spacing_custom_tablet&quot;:{&quot;unit&quot;:&quot;px&quot;,&quot;size&quot;:&quot;&quot;,&quot;sizes&quot;:[]},&quot;image_spacing_custom_mobile&quot;:{&quot;unit&quot;:&quot;px&quot;,&quot;size&quot;:&quot;&quot;,&quot;sizes&quot;:[]}}\" data-widget_type=\"loop-carousel.post\">\n\t\t\t\t<div class=\"elementor-widget-container\">\n\t\t\t\t\t\t\t<div class=\"swiper elementor-loop-container elementor-grid\" role=\"list\" dir=\"ltr\">\n\t\t\t\t<div class=\"swiper-wrapper\" aria-live=\"off\">\n\t\t<style id=\"loop-105\">.elementor-105 .elementor-element.elementor-element-620402d4{--display:flex;box-shadow:0px 3px 6px 0px rgba(0, 0, 0, 0.29);}.elementor-105 .elementor-element.elementor-element-620402d4:not(.elementor-motion-effects-element-type-background), .elementor-105 .elementor-element.elementor-element-620402d4 > .elementor-motion-effects-container > .elementor-motion-effects-layer{background-color:var( --e-global-color-5ae12fd );}.elementor-widget-theme-post-featured-image .widget-image-caption{color:var( --e-global-color-text );font-family:var( --e-global-typography-text-font-family ), Sans-serif;font-size:var( --e-global-typography-text-font-size );font-weight:var( --e-global-typography-text-font-weight );text-transform:var( --e-global-typography-text-text-transform );line-height:var( --e-global-typography-text-line-height );letter-spacing:var( --e-global-typography-text-letter-spacing );}.elementor-105 .elementor-element.elementor-element-41382495 img{width:100%;height:500px;object-fit:cover;object-position:center center;border-style:solid;border-width:20px 20px 0px 20px;border-color:var( --e-global-color-5ae12fd );}.elementor-105 .elementor-element.elementor-element-3d745b00{--display:flex;--padding-top:0px;--padding-bottom:20px;--padding-left:20px;--padding-right:20px;}.elementor-widget-theme-post-title .elementor-heading-title{font-family:var( --e-global-typography-primary-font-family ), Sans-serif;font-size:var( --e-global-typography-primary-font-size );font-weight:var( --e-global-typography-primary-font-weight );text-transform:var( --e-global-typography-primary-text-transform );line-height:var( --e-global-typography-primary-line-height );color:var( --e-global-color-primary );}.elementor-105 .elementor-element.elementor-element-9753f06{text-align:center;}.elementor-105 .elementor-element.elementor-element-9753f06 .elementor-heading-title{font-family:var( --e-global-typography-secondary-font-family ), Sans-serif;font-size:var( --e-global-typography-secondary-font-size );font-weight:var( --e-global-typography-secondary-font-weight );text-transform:var( --e-global-typography-secondary-text-transform );color:var( --e-global-color-076c344 );}.elementor-widget-theme-post-excerpt .elementor-widget-container{font-family:var( --e-global-typography-text-font-family ), Sans-serif;font-size:var( --e-global-typography-text-font-size );font-weight:var( --e-global-typography-text-font-weight );text-transform:var( --e-global-typography-text-text-transform );line-height:var( --e-global-typography-text-line-height );letter-spacing:var( --e-global-typography-text-letter-spacing );color:var( --e-global-color-text );}.elementor-105 .elementor-element.elementor-element-377bebc5 .elementor-widget-container{text-align:left;font-family:var( --e-global-typography-text-font-family ), Sans-serif;font-size:var( --e-global-typography-text-font-size );font-weight:var( --e-global-typography-text-font-weight );text-transform:var( --e-global-typography-text-text-transform );line-height:var( --e-global-typography-text-line-height );letter-spacing:var( --e-global-typography-text-letter-spacing );}.elementor-widget-button .elementor-button{background-color:var( --e-global-color-accent );font-family:var( --e-global-typography-accent-font-family ), Sans-serif;font-weight:var( --e-global-typography-accent-font-weight );text-transform:var( --e-global-typography-accent-text-transform );line-height:var( --e-global-typography-accent-line-height );letter-spacing:var( --e-global-typography-accent-letter-spacing );}.elementor-105 .elementor-element.elementor-element-6882a08f .elementor-button{background-color:var( --e-global-color-5ae12fd );font-family:var( --e-global-typography-907dea5-font-family ), Sans-serif;font-size:var( --e-global-typography-907dea5-font-size );font-weight:var( --e-global-typography-907dea5-font-weight );line-height:var( --e-global-typography-907dea5-line-height );letter-spacing:var( --e-global-typography-907dea5-letter-spacing );fill:var( --e-global-color-076c344 );color:var( --e-global-color-076c344 );border-style:none;border-radius:0px 0px 0px 0px;}.elementor-105 .elementor-element.elementor-element-6882a08f .elementor-button:hover, .elementor-105 .elementor-element.elementor-element-6882a08f .elementor-button:focus{background-color:var( --e-global-color-primary );color:var( --e-global-color-5ae12fd );}.elementor-105 .elementor-element.elementor-element-6882a08f > .elementor-widget-container{padding:2px 2px 2px 2px;border-style:solid;border-width:1px 1px 1px 1px;border-color:var( --e-global-color-accent );border-radius:0px 0px 0px 0px;}.elementor-105 .elementor-element.elementor-element-6882a08f.elementor-element{--align-self:center;}.elementor-105 .elementor-element.elementor-element-6882a08f:hover .elementor-widget-container{border-style:solid;border-width:1px 1px 1px 1px;border-color:var( --e-global-color-db1777e );}.elementor-105 .elementor-element.elementor-element-6882a08f .elementor-button:hover svg, .elementor-105 .elementor-element.elementor-element-6882a08f .elementor-button:focus svg{fill:var( --e-global-color-5ae12fd );}@media(max-width:1024px){.elementor-widget-theme-post-featured-image .widget-image-caption{font-size:var( --e-global-typography-text-font-size );line-height:var( --e-global-typography-text-line-height );letter-spacing:var( --e-global-typography-text-letter-spacing );}.elementor-105 .elementor-element.elementor-element-41382495 img{height:400px;}.elementor-widget-theme-post-title .elementor-heading-title{font-size:var( --e-global-typography-primary-font-size );line-height:var( --e-global-typography-primary-line-height );}.elementor-105 .elementor-element.elementor-element-9753f06 .elementor-heading-title{font-size:var( --e-global-typography-secondary-font-size );}.elementor-widget-theme-post-excerpt .elementor-widget-container{font-size:var( --e-global-typography-text-font-size );line-height:var( --e-global-typography-text-line-height );letter-spacing:var( --e-global-typography-text-letter-spacing );}.elementor-105 .elementor-element.elementor-element-377bebc5 .elementor-widget-container{font-size:var( --e-global-typography-text-font-size );line-height:var( --e-global-typography-text-line-height );letter-spacing:var( --e-global-typography-text-letter-spacing );}.elementor-widget-button .elementor-button{line-height:var( --e-global-typography-accent-line-height );letter-spacing:var( --e-global-typography-accent-letter-spacing );}.elementor-105 .elementor-element.elementor-element-6882a08f .elementor-button{font-size:var( --e-global-typography-907dea5-font-size );line-height:var( --e-global-typography-907dea5-line-height );letter-spacing:var( --e-global-typography-907dea5-letter-spacing );}}@media(max-width:767px){.elementor-widget-theme-post-featured-image .widget-image-caption{font-size:var( --e-global-typography-text-font-size );line-height:var( --e-global-typography-text-line-height );letter-spacing:var( --e-global-typography-text-letter-spacing );}.elementor-105 .elementor-element.elementor-element-41382495 img{height:250px;}.elementor-widget-theme-post-title .elementor-heading-title{font-size:var( --e-global-typography-primary-font-size );line-height:var( --e-global-typography-primary-line-height );}.elementor-105 .elementor-element.elementor-element-9753f06 .elementor-heading-title{font-size:var( --e-global-typography-secondary-font-size );}.elementor-widget-theme-post-excerpt .elementor-widget-container{font-size:var( --e-global-typography-text-font-size );line-height:var( --e-global-typography-text-line-height );letter-spacing:var( --e-global-typography-text-letter-spacing );}.elementor-105 .elementor-element.elementor-element-377bebc5 .elementor-widget-container{font-size:var( --e-global-typography-text-font-size );line-height:var( --e-global-typography-text-line-height );letter-spacing:var( --e-global-typography-text-letter-spacing );}.elementor-widget-button .elementor-button{line-height:var( --e-global-typography-accent-line-height );letter-spacing:var( --e-global-typography-accent-letter-spacing );}.elementor-105 .elementor-element.elementor-element-6882a08f .elementor-button{font-size:var( --e-global-typography-907dea5-font-size );line-height:var( --e-global-typography-907dea5-line-height );letter-spacing:var( --e-global-typography-907dea5-letter-spacing );}}<\/style>\t\t<div data-elementor-type=\"loop-item\" data-elementor-id=\"105\" class=\"elementor elementor-105 swiper-slide e-loop-item e-loop-item-1847 post-1847 post type-post status-publish format-standard has-post-thumbnail hentry category-non-classe\" data-elementor-post-type=\"elementor_library\" role=\"group\" aria-roledescription=\"slide\" data-custom-edit-handle=\"1\">\n\t\t\t<div class=\"elementor-element elementor-element-620402d4 e-flex e-con-boxed e-con e-parent\" data-id=\"620402d4\" data-element_type=\"container\" data-settings=\"{&quot;background_background&quot;:&quot;classic&quot;}\">\n\t\t\t\t\t<div class=\"e-con-inner\">\n\t\t\t\t<div class=\"elementor-element elementor-element-41382495 elementor-widget elementor-widget-theme-post-featured-image elementor-widget-image\" data-id=\"41382495\" data-element_type=\"widget\" data-widget_type=\"theme-post-featured-image.default\">\n\t\t\t\t<div class=\"elementor-widget-container\">\n\t\t\t\t\t\t\t\t\t\t\t\t\t\t\t\t<a href=\"https:\/\/www.mercure-axlesthermes.com\/de\/coffrets-cadeaux-mercure-ax-les-thermes-sejours-spa-et-gastronomie-pyreneenne\/\">\n\t\t\t\t\t\t\t<img fetchpriority=\"high\" decoding=\"async\" width=\"800\" height=\"533\" src=\"https:\/\/www.mercure-axlesthermes.com\/wp-content\/uploads\/2025\/11\/Coffrets-cadeaux-Ax-les-Thermes-1024x682.jpg\" class=\"attachment-large size-large wp-image-1848\" alt=\"\" srcset=\"https:\/\/www.mercure-axlesthermes.com\/wp-content\/uploads\/2025\/11\/Coffrets-cadeaux-Ax-les-Thermes-1024x682.jpg 1024w, https:\/\/www.mercure-axlesthermes.com\/wp-content\/uploads\/2025\/11\/Coffrets-cadeaux-Ax-les-Thermes-300x200.jpg 300w, https:\/\/www.mercure-axlesthermes.com\/wp-content\/uploads\/2025\/11\/Coffrets-cadeaux-Ax-les-Thermes-768x512.jpg 768w, https:\/\/www.mercure-axlesthermes.com\/wp-content\/uploads\/2025\/11\/Coffrets-cadeaux-Ax-les-Thermes-1536x1024.jpg 1536w, https:\/\/www.mercure-axlesthermes.com\/wp-content\/uploads\/2025\/11\/Coffrets-cadeaux-Ax-les-Thermes-18x12.jpg 18w, https:\/\/www.mercure-axlesthermes.com\/wp-content\/uploads\/2025\/11\/Coffrets-cadeaux-Ax-les-Thermes.jpg 1772w\" sizes=\"(max-width: 800px) 100vw, 800px\" title=\"\">\t\t\t\t\t\t\t\t<\/a>\n\t\t\t\t\t\t\t\t\t\t\t\t\t\t\t<\/div>\n\t\t\t\t<\/div>\n\t\t<div class=\"elementor-element elementor-element-3d745b00 e-flex e-con-boxed e-con e-child\" data-id=\"3d745b00\" data-element_type=\"container\">\n\t\t\t\t\t<div class=\"e-con-inner\">\n\t\t\t\t<div class=\"elementor-element elementor-element-9753f06 elementor-widget elementor-widget-theme-post-title elementor-page-title elementor-widget-heading\" data-id=\"9753f06\" data-element_type=\"widget\" data-widget_type=\"theme-post-title.default\">\n\t\t\t\t<div class=\"elementor-widget-container\">\n\t\t\t\t\t<h2 class=\"elementor-heading-title elementor-size-default\"><a href=\"https:\/\/www.mercure-axlesthermes.com\/de\/coffrets-cadeaux-mercure-ax-les-thermes-sejours-spa-et-gastronomie-pyreneenne\/\">Coffrets cadeaux Mercure Ax-les-Thermes : s\u00e9jours, spa et gastronomie pyr\u00e9n\u00e9enne<\/a><\/h2>\t\t\t\t<\/div>\n\t\t\t\t<\/div>\n\t\t\t\t<div class=\"elementor-element elementor-element-377bebc5 elementor-widget elementor-widget-theme-post-excerpt\" data-id=\"377bebc5\" data-element_type=\"widget\" data-widget_type=\"theme-post-excerpt.default\">\n\t\t\t\t<div class=\"elementor-widget-container\">\n\t\t\t\t\t<p>Offrez un moment suspendu dans les Pyr\u00e9n\u00e9es avec nos coffrets cadeaux Le Mercure Ax-les-Thermes d\u00e9voile des coffrets cadeaux pens\u00e9s pour faire d\u00e9couvrir les plus belles exp\u00e9riences de la vall\u00e9e : s\u00e9jours d\u00e9tente, bien-\u00eatre au Spa Les Opales by Deep Nature, [...]\t\t\t\t<\/div>\n\t\t\t\t<\/div>\n\t\t\t\t<div class=\"elementor-element elementor-element-6882a08f btn-border elementor-align-center elementor-widget elementor-widget-button\" data-id=\"6882a08f\" data-element_type=\"widget\" data-widget_type=\"button.default\">\n\t\t\t\t<div class=\"elementor-widget-container\">\n\t\t\t\t\t\t\t\t\t<div class=\"elementor-button-wrapper\">\n\t\t\t\t\t<a class=\"elementor-button elementor-button-link elementor-size-sm\" href=\"https:\/\/www.mercure-axlesthermes.com\/de\/coffrets-cadeaux-mercure-ax-les-thermes-sejours-spa-et-gastronomie-pyreneenne\/\">\n\t\t\t\t\t\t<span class=\"elementor-button-content-wrapper\">\n\t\t\t\t\t\t\t\t\t<span class=\"elementor-button-text\">Lesen Sie mehr<\/span>\n\t\t\t\t\t<\/span>\n\t\t\t\t\t<\/a>\n\t\t\t\t<\/div>\n\t\t\t\t\t\t\t\t<\/div>\n\t\t\t\t<\/div>\n\t\t\t\t\t<\/div>\n\t\t\t\t<\/div>\n\t\t\t\t\t<\/div>\n\t\t\t\t<\/div>\n\t\t\t\t<\/div>\n\t\t\t\t<div data-elementor-type=\"loop-item\" data-elementor-id=\"105\" class=\"elementor elementor-105 swiper-slide e-loop-item e-loop-item-1756 post-1756 post type-post status-publish format-standard has-post-thumbnail hentry category-non-classe\" data-elementor-post-type=\"elementor_library\" role=\"group\" aria-roledescription=\"slide\" data-custom-edit-handle=\"1\">\n\t\t\t<div class=\"elementor-element elementor-element-620402d4 e-flex e-con-boxed e-con e-parent\" data-id=\"620402d4\" data-element_type=\"container\" data-settings=\"{&quot;background_background&quot;:&quot;classic&quot;}\">\n\t\t\t\t\t<div class=\"e-con-inner\">\n\t\t\t\t<div class=\"elementor-element elementor-element-41382495 elementor-widget elementor-widget-theme-post-featured-image elementor-widget-image\" data-id=\"41382495\" data-element_type=\"widget\" data-widget_type=\"theme-post-featured-image.default\">\n\t\t\t\t<div class=\"elementor-widget-container\">\n\t\t\t\t\t\t\t\t\t\t\t\t\t\t\t\t<a href=\"https:\/\/www.mercure-axlesthermes.com\/de\/rosa-oktober-mercure-ax-les-thermes-engagiert-sich-an-der-seite-der-krebsliga\/\">\n\t\t\t\t\t\t\t<img decoding=\"async\" width=\"800\" height=\"1000\" src=\"https:\/\/www.mercure-axlesthermes.com\/wp-content\/uploads\/2025\/07\/template-Ax-Fedou--819x1024.jpg\" class=\"attachment-large size-large wp-image-1764\" alt=\"\" srcset=\"https:\/\/www.mercure-axlesthermes.com\/wp-content\/uploads\/2025\/07\/template-Ax-Fedou--819x1024.jpg 819w, https:\/\/www.mercure-axlesthermes.com\/wp-content\/uploads\/2025\/07\/template-Ax-Fedou--240x300.jpg 240w, https:\/\/www.mercure-axlesthermes.com\/wp-content\/uploads\/2025\/07\/template-Ax-Fedou--768x960.jpg 768w, https:\/\/www.mercure-axlesthermes.com\/wp-content\/uploads\/2025\/07\/template-Ax-Fedou--10x12.jpg 10w, https:\/\/www.mercure-axlesthermes.com\/wp-content\/uploads\/2025\/07\/template-Ax-Fedou-.jpg 1080w\" sizes=\"(max-width: 800px) 100vw, 800px\" title=\"\">\t\t\t\t\t\t\t\t<\/a>\n\t\t\t\t\t\t\t\t\t\t\t\t\t\t\t<\/div>\n\t\t\t\t<\/div>\n\t\t<div class=\"elementor-element elementor-element-3d745b00 e-flex e-con-boxed e-con e-child\" data-id=\"3d745b00\" data-element_type=\"container\">\n\t\t\t\t\t<div class=\"e-con-inner\">\n\t\t\t\t<div class=\"elementor-element elementor-element-9753f06 elementor-widget elementor-widget-theme-post-title elementor-page-title elementor-widget-heading\" data-id=\"9753f06\" data-element_type=\"widget\" data-widget_type=\"theme-post-title.default\">\n\t\t\t\t<div class=\"elementor-widget-container\">\n\t\t\t\t\t<h2 class=\"elementor-heading-title elementor-size-default\"><a href=\"https:\/\/www.mercure-axlesthermes.com\/de\/rosa-oktober-mercure-ax-les-thermes-engagiert-sich-an-der-seite-der-krebsliga\/\">Rosa Oktober: Das Mercure Ax-les-Thermes engagiert sich f\u00fcr die Krebsliga<\/a><\/h2>\t\t\t\t<\/div>\n\t\t\t\t<\/div>\n\t\t\t\t<div class=\"elementor-element elementor-element-377bebc5 elementor-widget elementor-widget-theme-post-excerpt\" data-id=\"377bebc5\" data-element_type=\"widget\" data-widget_type=\"theme-post-excerpt.default\">\n\t\t\t\t<div class=\"elementor-widget-container\">\n\t\t\t\t\t<p>Jeden Oktober mobilisiert der Rosa Oktober in ganz Frankreich, um das Bewusstsein f\u00fcr den Kampf gegen Brustkrebs zu sch\u00e4rfen und die Forschung zu unterst\u00fctzen. In diesem Jahr beteiligt sich das Mercure Ax-les-Thermes an dieser gro\u00dfen solidarischen Sache mit mehreren Initiativen, die Vergn\u00fcgen, Wohlbefinden [...].\t\t\t\t<\/div>\n\t\t\t\t<\/div>\n\t\t\t\t<div class=\"elementor-element elementor-element-6882a08f btn-border elementor-align-center elementor-widget elementor-widget-button\" data-id=\"6882a08f\" data-element_type=\"widget\" data-widget_type=\"button.default\">\n\t\t\t\t<div class=\"elementor-widget-container\">\n\t\t\t\t\t\t\t\t\t<div class=\"elementor-button-wrapper\">\n\t\t\t\t\t<a class=\"elementor-button elementor-button-link elementor-size-sm\" href=\"https:\/\/www.mercure-axlesthermes.com\/de\/rosa-oktober-mercure-ax-les-thermes-engagiert-sich-an-der-seite-der-krebsliga\/\">\n\t\t\t\t\t\t<span class=\"elementor-button-content-wrapper\">\n\t\t\t\t\t\t\t\t\t<span class=\"elementor-button-text\">Lesen Sie mehr<\/span>\n\t\t\t\t\t<\/span>\n\t\t\t\t\t<\/a>\n\t\t\t\t<\/div>\n\t\t\t\t\t\t\t\t<\/div>\n\t\t\t\t<\/div>\n\t\t\t\t\t<\/div>\n\t\t\t\t<\/div>\n\t\t\t\t\t<\/div>\n\t\t\t\t<\/div>\n\t\t\t\t<\/div>\n\t\t\t\t<\/div>\n\t\t<\/div>\n\t\t\t\t\t<div class=\"elementor-swiper-button elementor-swiper-button-prev\" role=\"button\" tabindex=\"0\" aria-label=\"Voriger\">\n\t\t\t\t<i aria-hidden=\"true\" class=\"eicon-chevron-left\"><\/i>\t\t\t<\/div>\n\t\t\t<div class=\"elementor-swiper-button elementor-swiper-button-next\" role=\"button\" tabindex=\"0\" aria-label=\"N\u00e4chster\">\n\t\t\t\t<i aria-hidden=\"true\" class=\"eicon-chevron-right\"><\/i>\t\t\t<\/div>\n\t\t\t\t\t\t<\/div>\n\t\t\t\t<\/div>\n\t\t\t\t\t<\/div>\n\t\t\t\t<\/div>\n\t\t<div class=\"elementor-element elementor-element-36b4844 elementor-hidden-desktop elementor-hidden-tablet elementor-hidden-mobile e-flex e-con-boxed e-con e-parent\" data-id=\"36b4844\" data-element_type=\"container\" data-settings=\"{&quot;background_background&quot;:&quot;classic&quot;}\">\n\t\t\t\t\t<div class=\"e-con-inner\">\n\t\t\t\t<div class=\"elementor-element elementor-element-6a377081 elementor-widget elementor-widget-image\" data-id=\"6a377081\" data-element_type=\"widget\" data-widget_type=\"image.default\">\n\t\t\t\t<div class=\"elementor-widget-container\">\n\t\t\t\t\t\t\t\t\t\t\t\t\t\t\t<img decoding=\"async\" width=\"110\" height=\"4\" src=\"https:\/\/www.mercure-axlesthermes.com\/wp-content\/uploads\/2024\/04\/Groupe-525.svg\" class=\"attachment-full size-full wp-image-86\" alt=\"\" title=\"\">\t\t\t\t\t\t\t\t\t\t\t\t\t\t\t<\/div>\n\t\t\t\t<\/div>\n\t\t\t\t<div class=\"elementor-element elementor-element-bcfd063 elementor-widget elementor-widget-heading\" data-id=\"bcfd063\" data-element_type=\"widget\" data-widget_type=\"heading.default\">\n\t\t\t\t<div class=\"elementor-widget-container\">\n\t\t\t\t\t<h2 class=\"elementor-heading-title elementor-size-default\">Instagram<\/h2>\t\t\t\t<\/div>\n\t\t\t\t<\/div>\n\t\t\t\t<div class=\"elementor-element elementor-element-d13b8b5 elementor-widget elementor-widget-heading\" data-id=\"d13b8b5\" data-element_type=\"widget\" data-widget_type=\"heading.default\">\n\t\t\t\t<div class=\"elementor-widget-container\">\n\t\t\t\t\t<h3 class=\"elementor-heading-title elementor-size-default\">Kommen Sie zu uns<\/h3>\t\t\t\t<\/div>\n\t\t\t\t<\/div>\n\t\t\t\t<div class=\"elementor-element elementor-element-1b60f06a elementor-widget elementor-widget-html\" data-id=\"1b60f06a\" data-element_type=\"widget\" data-widget_type=\"html.default\">\n\t\t\t\t<div class=\"elementor-widget-container\">\n\t\t\t\t\t<script src=\"https:\/\/static.elfsight.com\/platform\/platform.js\" data-use-service-core defer><\/script>\r\n<div class=\"elfsight-app-80522d89-2850-439a-913d-aac1237e9cf5\" data-elfsight-app-lazy><\/div>\t\t\t\t<\/div>\n\t\t\t\t<\/div>\n\t\t\t\t\t<\/div>\n\t\t\t\t<\/div>\n\t\t\t\t<\/div>","protected":false},"excerpt":{"rendered":"<p>Actualit\u00e9s Nos derni\u00e8res actualit\u00e9s H\u00f4tel Mercure Ax-les-Thermes Instagram Rejoignez nous<\/p>","protected":false},"author":5,"featured_media":198,"parent":0,"menu_order":0,"comment_status":"closed","ping_status":"closed","template":"","meta":{"inline_featured_image":false,"footnotes":""},"class_list":["post-195","page","type-page","status-publish","has-post-thumbnail","hentry"],"_links":{"self":[{"href":"https:\/\/www.mercure-axlesthermes.com\/de\/wp-json\/wp\/v2\/pages\/195","targetHints":{"allow":["GET"]}}],"collection":[{"href":"https:\/\/www.mercure-axlesthermes.com\/de\/wp-json\/wp\/v2\/pages"}],"about":[{"href":"https:\/\/www.mercure-axlesthermes.com\/de\/wp-json\/wp\/v2\/types\/page"}],"author":[{"embeddable":true,"href":"https:\/\/www.mercure-axlesthermes.com\/de\/wp-json\/wp\/v2\/users\/5"}],"replies":[{"embeddable":true,"href":"https:\/\/www.mercure-axlesthermes.com\/de\/wp-json\/wp\/v2\/comments?post=195"}],"version-history":[{"count":16,"href":"https:\/\/www.mercure-axlesthermes.com\/de\/wp-json\/wp\/v2\/pages\/195\/revisions"}],"predecessor-version":[{"id":765,"href":"https:\/\/www.mercure-axlesthermes.com\/de\/wp-json\/wp\/v2\/pages\/195\/revisions\/765"}],"wp:featuredmedia":[{"embeddable":true,"href":"https:\/\/www.mercure-axlesthermes.com\/de\/wp-json\/wp\/v2\/media\/198"}],"wp:attachment":[{"href":"https:\/\/www.mercure-axlesthermes.com\/de\/wp-json\/wp\/v2\/media?parent=195"}],"curies":[{"name":"wp","href":"https:\/\/api.w.org\/{rel}","templated":true}]}}