{"id":161,"date":"2024-04-03T16:14:10","date_gmt":"2024-04-03T14:14:10","guid":{"rendered":"https:\/\/www.mercure-axlesthermes.com\/acces-contact\/"},"modified":"2025-01-27T15:11:01","modified_gmt":"2025-01-27T14:11:01","slug":"zugang-kontakt-hotel-in-ax-les-thermes","status":"publish","type":"page","link":"https:\/\/www.mercure-axlesthermes.com\/de\/zugang-kontakt-hotel-in-ax-les-thermes\/","title":{"rendered":"Zugang &amp; Kontakt"},"content":{"rendered":"<div data-elementor-type=\"wp-page\" data-elementor-id=\"161\" class=\"elementor elementor-161\" data-elementor-post-type=\"page\">\n\t\t\t\t<div class=\"elementor-element elementor-element-6b4f799e e-flex e-con-boxed e-con e-parent\" data-id=\"6b4f799e\" data-element_type=\"container\" data-settings=\"{&quot;background_background&quot;:&quot;classic&quot;}\">\n\t\t\t\t\t<div class=\"e-con-inner\">\n\t\t<div class=\"elementor-element elementor-element-1601cbb2 e-flex e-con-boxed e-con e-child\" data-id=\"1601cbb2\" data-element_type=\"container\">\n\t\t\t\t\t<div class=\"e-con-inner\">\n\t\t\t\t<div class=\"elementor-element elementor-element-4fddfb57 elementor-widget elementor-widget-heading\" data-id=\"4fddfb57\" data-element_type=\"widget\" data-widget_type=\"heading.default\">\n\t\t\t\t<div class=\"elementor-widget-container\">\n\t\t\t\t\t<h1 class=\"elementor-heading-title elementor-size-default\">Kontakt &amp; Anreise<\/h1>\t\t\t\t<\/div>\n\t\t\t\t<\/div>\n\t\t\t\t\t<\/div>\n\t\t\t\t<\/div>\n\t\t\t\t\t<\/div>\n\t\t\t\t<\/div>\n\t\t<div class=\"elementor-element elementor-element-1c8ae741 e-flex e-con-boxed e-con e-parent\" data-id=\"1c8ae741\" data-element_type=\"container\">\n\t\t\t\t\t<div class=\"e-con-inner\">\n\t\t<div class=\"elementor-element elementor-element-18f30b42 e-con-full e-flex e-con e-child\" data-id=\"18f30b42\" data-element_type=\"container\">\n\t\t\t\t<div class=\"elementor-element elementor-element-2dec928b elementor-widget elementor-widget-image\" data-id=\"2dec928b\" data-element_type=\"widget\" data-widget_type=\"image.default\">\n\t\t\t\t<div class=\"elementor-widget-container\">\n\t\t\t\t\t\t\t\t\t\t\t\t\t\t\t<img decoding=\"async\" width=\"110\" height=\"4\" src=\"https:\/\/www.mercure-axlesthermes.com\/wp-content\/uploads\/2024\/04\/Groupe-525.svg\" class=\"attachment-full size-full wp-image-86\" alt=\"\" title=\"\">\t\t\t\t\t\t\t\t\t\t\t\t\t\t\t<\/div>\n\t\t\t\t<\/div>\n\t\t\t\t<div class=\"elementor-element elementor-element-636e74db elementor-widget elementor-widget-heading\" data-id=\"636e74db\" data-element_type=\"widget\" data-widget_type=\"heading.default\">\n\t\t\t\t<div class=\"elementor-widget-container\">\n\t\t\t\t\t<h2 class=\"elementor-heading-title elementor-size-default\">Mercure Hotel Ax les thermes<\/h2>\t\t\t\t<\/div>\n\t\t\t\t<\/div>\n\t\t\t\t<div class=\"elementor-element elementor-element-46d5da15 elementor-widget elementor-widget-heading\" data-id=\"46d5da15\" data-element_type=\"widget\" data-widget_type=\"heading.default\">\n\t\t\t\t<div class=\"elementor-widget-container\">\n\t\t\t\t\t<h3 class=\"elementor-heading-title elementor-size-default\">Anreise zum Hotel<\/h3>\t\t\t\t<\/div>\n\t\t\t\t<\/div>\n\t\t\t\t<div class=\"elementor-element elementor-element-a4d61c3 elementor-widget__width-inherit elementor-widget elementor-widget-text-editor\" data-id=\"a4d61c3\" data-element_type=\"widget\" data-widget_type=\"text-editor.default\">\n\t\t\t\t<div class=\"elementor-widget-container\">\n\t\t\t\t\t\t\t\t\t<p>Das Mercure Hotel Ax-les-Thermes ist von verschiedenen Verkehrsmitteln aus leicht zu erreichen, sei es mit dem Auto, dem Flugzeug oder dem Zug. Hier finden Sie alle praktischen Informationen, um zu unserem Hotel zu gelangen.<\/p>\t\t\t\t\t\t\t\t<\/div>\n\t\t\t\t<\/div>\n\t\t\t\t<\/div>\n\t\t<div class=\"elementor-element elementor-element-1fbcb828 e-con-full e-flex e-con e-child\" data-id=\"1fbcb828\" data-element_type=\"container\">\n\t\t\t\t<div class=\"elementor-element elementor-element-47511663 elementor-widget__width-initial elementor-widget-mobile__width-inherit carte-equipe elementor-view-default elementor-position-top elementor-widget elementor-widget-icon-box\" data-id=\"47511663\" data-element_type=\"widget\" data-widget_type=\"icon-box.default\">\n\t\t\t\t<div class=\"elementor-widget-container\">\n\t\t\t\t\t\t\t<div class=\"elementor-icon-box-wrapper\">\n\n\t\t\t\t\t\t<div class=\"elementor-icon-box-icon\">\n\t\t\t\t<span  class=\"elementor-icon\">\n\t\t\t\t<i aria-hidden=\"true\" class=\"eliofont eliofont-car\"><\/i>\t\t\t\t<\/span>\n\t\t\t<\/div>\n\t\t\t\n\t\t\t\t\t\t<div class=\"elementor-icon-box-content\">\n\n\t\t\t\t\t\t\t\t\t<h3 class=\"elementor-icon-box-title\">\n\t\t\t\t\t\t<span  >\n\t\t\t\t\t\t\tMit dem Auto\t\t\t\t\t\t<\/span>\n\t\t\t\t\t<\/h3>\n\t\t\t\t\n\t\t\t\t\t\t\t\t\t<p class=\"elementor-icon-box-description\">\n\t\t\t\t\t\tVon Toulouse (ca. 1,5 Stunden Fahrt)\nNehmen Sie die Autobahn A61 in Richtung Pamiers. Fahren Sie weiter auf der N20 in Richtung Ax-les-Thermes. Am Ortseingang von Ax-les-Thermes folgen Sie den Schildern zum Stadtzentrum. Das Hotel befindet sich in der N\u00e4he des Zentrums und ist leicht zu erreichen.\t\t\t\t\t<\/p>\n\t\t\t\t\n\t\t\t<\/div>\n\t\t\t\n\t\t<\/div>\n\t\t\t\t\t\t<\/div>\n\t\t\t\t<\/div>\n\t\t\t\t<div class=\"elementor-element elementor-element-3d5bf248 elementor-widget__width-initial elementor-widget-mobile__width-inherit carte-equipe elementor-view-default elementor-position-top elementor-widget elementor-widget-icon-box\" data-id=\"3d5bf248\" data-element_type=\"widget\" data-widget_type=\"icon-box.default\">\n\t\t\t\t<div class=\"elementor-widget-container\">\n\t\t\t\t\t\t\t<div class=\"elementor-icon-box-wrapper\">\n\n\t\t\t\t\t\t<div class=\"elementor-icon-box-icon\">\n\t\t\t\t<span  class=\"elementor-icon\">\n\t\t\t\t<i aria-hidden=\"true\" class=\"eliofont eliofont-plane\"><\/i>\t\t\t\t<\/span>\n\t\t\t<\/div>\n\t\t\t\n\t\t\t\t\t\t<div class=\"elementor-icon-box-content\">\n\n\t\t\t\t\t\t\t\t\t<h3 class=\"elementor-icon-box-title\">\n\t\t\t\t\t\t<span  >\n\t\t\t\t\t\t\tMit dem Flugzeug\t\t\t\t\t\t<\/span>\n\t\t\t\t\t<\/h3>\n\t\t\t\t\n\t\t\t\t\t\t\t\t\t<p class=\"elementor-icon-box-description\">\n\t\t\t\t\t\tFlughafen Toulouse-Blagnac (TLS) (1,5 Stunden Fahrt)\n<\/br>\nFlughafen Carcassonne-Salvaza (CCF) (2 Stunden Fahrt)\n<\/br>\nFlughafen Perpignan-Rivesaltes (PGF) (2,5 Stunden Fahrt)\t\t\t\t\t<\/p>\n\t\t\t\t\n\t\t\t<\/div>\n\t\t\t\n\t\t<\/div>\n\t\t\t\t\t\t<\/div>\n\t\t\t\t<\/div>\n\t\t\t\t<div class=\"elementor-element elementor-element-3d37e496 elementor-widget__width-initial elementor-widget-mobile__width-inherit carte-equipe elementor-view-default elementor-position-top elementor-widget elementor-widget-icon-box\" data-id=\"3d37e496\" data-element_type=\"widget\" data-widget_type=\"icon-box.default\">\n\t\t\t\t<div class=\"elementor-widget-container\">\n\t\t\t\t\t\t\t<div class=\"elementor-icon-box-wrapper\">\n\n\t\t\t\t\t\t<div class=\"elementor-icon-box-icon\">\n\t\t\t\t<span  class=\"elementor-icon\">\n\t\t\t\t<i aria-hidden=\"true\" class=\"eliofont eliofont-train\"><\/i>\t\t\t\t<\/span>\n\t\t\t<\/div>\n\t\t\t\n\t\t\t\t\t\t<div class=\"elementor-icon-box-content\">\n\n\t\t\t\t\t\t\t\t\t<h3 class=\"elementor-icon-box-title\">\n\t\t\t\t\t\t<span  >\n\t\t\t\t\t\t\tMit dem Zug\t\t\t\t\t\t<\/span>\n\t\t\t\t\t<\/h3>\n\t\t\t\t\n\t\t\t\t\t\t\t\t\t<p class=\"elementor-icon-box-description\">\n\t\t\t\t\t\tVon Toulouse (ca. 1h45 mit dem Zug)\nSie k\u00f6nnen einen direkten Zug vom Bahnhof Toulouse-Matabiau zum Bahnhof Ax-les-Thermes nehmen.\n\nVon Carcassonne (ungef\u00e4hr 2 Stunden mit dem Zug)\nEs gibt direkte Zugverbindungen zwischen Carcassonne und Ax-les-Thermes.\n\nVon Perpignan (ungef\u00e4hr 2,5 Stunden mit dem Zug)\nVon Perpignan gibt es Zugverbindungen. \n\n\t\t\t\t\t<\/p>\n\t\t\t\t\n\t\t\t<\/div>\n\t\t\t\n\t\t<\/div>\n\t\t\t\t\t\t<\/div>\n\t\t\t\t<\/div>\n\t\t\t\t<div class=\"elementor-element elementor-element-42ce6757 elementor-absolute elementor-widget elementor-widget-image\" data-id=\"42ce6757\" data-element_type=\"widget\" data-settings=\"{&quot;_position&quot;:&quot;absolute&quot;}\" data-widget_type=\"image.default\">\n\t\t\t\t<div class=\"elementor-widget-container\">\n\t\t\t\t\t\t\t\t\t\t\t\t\t\t\t<img fetchpriority=\"high\" decoding=\"async\" width=\"410\" height=\"1353\" src=\"https:\/\/www.mercure-axlesthermes.com\/wp-content\/uploads\/2024\/04\/Groupe-998-2x.png\" class=\"attachment-full size-full wp-image-108\" alt=\"\" srcset=\"https:\/\/www.mercure-axlesthermes.com\/wp-content\/uploads\/2024\/04\/Groupe-998-2x.png 410w, https:\/\/www.mercure-axlesthermes.com\/wp-content\/uploads\/2024\/04\/Groupe-998-2x-91x300.png 91w, https:\/\/www.mercure-axlesthermes.com\/wp-content\/uploads\/2024\/04\/Groupe-998-2x-310x1024.png 310w, https:\/\/www.mercure-axlesthermes.com\/wp-content\/uploads\/2024\/04\/Groupe-998-2x-4x12.png 4w\" sizes=\"(max-width: 410px) 100vw, 410px\" title=\"\">\t\t\t\t\t\t\t\t\t\t\t\t\t\t\t<\/div>\n\t\t\t\t<\/div>\n\t\t\t\t<\/div>\n\t\t\t\t\t<\/div>\n\t\t\t\t<\/div>\n\t\t<div class=\"elementor-element elementor-element-64a5c769 e-flex e-con-boxed e-con e-parent\" data-id=\"64a5c769\" data-element_type=\"container\" data-settings=\"{&quot;background_background&quot;:&quot;classic&quot;}\">\n\t\t\t\t\t<div class=\"e-con-inner\">\n\t\t<div class=\"elementor-element elementor-element-13b90681 e-con-full e-flex e-con e-child\" data-id=\"13b90681\" data-element_type=\"container\">\n\t\t\t\t<div class=\"elementor-element elementor-element-59b2c59d elementor-button-align-start btn-form elementor-widget elementor-widget-form\" data-id=\"59b2c59d\" data-element_type=\"widget\" data-settings=\"{&quot;step_next_label&quot;:&quot;Suivant&quot;,&quot;step_previous_label&quot;:&quot;Pr\\u00e9c\\u00e9dent&quot;,&quot;button_width&quot;:&quot;100&quot;,&quot;step_type&quot;:&quot;number_text&quot;,&quot;step_icon_shape&quot;:&quot;circle&quot;}\" data-widget_type=\"form.default\">\n\t\t\t\t<div class=\"elementor-widget-container\">\n\t\t\t\t\t\t\t<form class=\"elementor-form\" method=\"post\" name=\"Formulaire de contact\" aria-label=\"Formulaire de contact\" action=\"\">\n\t\t\t<input type=\"hidden\" name=\"post_id\" value=\"161\"\/>\n\t\t\t<input type=\"hidden\" name=\"form_id\" value=\"59b2c59d\"\/>\n\t\t\t<input type=\"hidden\" name=\"referer_title\" value=\"Acc\u00e8s &amp; Contact | Hotel \u00e0 Ax les Thermes | Contactez-nous\" \/>\n\n\t\t\t\t\t\t\t<input type=\"hidden\" name=\"queried_id\" value=\"161\"\/>\n\t\t\t\n\t\t\t<div class=\"elementor-form-fields-wrapper elementor-labels-\">\n\t\t\t\t\t\t\t\t<div class=\"elementor-field-type-text elementor-field-group elementor-column elementor-field-group-nom elementor-col-50 elementor-field-required\">\n\t\t\t\t\t\t\t\t\t\t\t\t<label for=\"form-field-nom\" class=\"elementor-field-label elementor-screen-only\">\n\t\t\t\t\t\t\t\tName\t\t\t\t\t\t\t<\/label>\n\t\t\t\t\t\t\t\t\t\t\t\t\t\t<input size=\"1\" type=\"text\" name=\"form_fields[nom]\" id=\"form-field-nom\" class=\"elementor-field elementor-size-sm  elementor-field-textual\" placeholder=\"Ihr Name *\" required=\"required\">\n\t\t\t\t\t\t\t\t\t\t\t<\/div>\n\t\t\t\t\t\t\t\t<div class=\"elementor-field-type-text elementor-field-group elementor-column elementor-field-group-prenom elementor-col-50 elementor-field-required\">\n\t\t\t\t\t\t\t\t\t\t\t\t<label for=\"form-field-prenom\" class=\"elementor-field-label elementor-screen-only\">\n\t\t\t\t\t\t\t\tVorname\t\t\t\t\t\t\t<\/label>\n\t\t\t\t\t\t\t\t\t\t\t\t\t\t<input size=\"1\" type=\"text\" name=\"form_fields[prenom]\" id=\"form-field-prenom\" class=\"elementor-field elementor-size-sm  elementor-field-textual\" placeholder=\"Ihr Vorname *\" required=\"required\">\n\t\t\t\t\t\t\t\t\t\t\t<\/div>\n\t\t\t\t\t\t\t\t<div class=\"elementor-field-type-select elementor-field-group elementor-column elementor-field-group-objet elementor-col-100 elementor-field-required\">\n\t\t\t\t\t\t\t\t\t\t\t\t<label for=\"form-field-objet\" class=\"elementor-field-label elementor-screen-only\">\n\t\t\t\t\t\t\t\tObjekt\t\t\t\t\t\t\t<\/label>\n\t\t\t\t\t\t\t\t<div class=\"elementor-field elementor-select-wrapper remove-before\">\n\t\t\t<div class=\"select-caret-down-wrapper\">\n\t\t\t\t<i aria-hidden=\"true\" class=\"eicon-caret-down\"><\/i>\t\t\t<\/div>\n\t\t\t<select name=\"form_fields[objet]\" id=\"form-field-objet\" class=\"elementor-field-textual elementor-size-sm\" required=\"required\">\n\t\t\t\t\t\t\t\t\t<option value=\"\">Betreff Ihrer Anfrage * <\/option>\n\t\t\t\t\t\t\t\t\t<option value=\"Demande d&#039;informations\">Anfrage nach Informationen<\/option>\n\t\t\t\t\t\t\t\t\t<option value=\"Soins\">Pflege<\/option>\n\t\t\t\t\t\t\t\t\t<option value=\"Formules\">Formeln<\/option>\n\t\t\t\t\t\t\t\t\t<option value=\"H\u00f4tel\">Hotel<\/option>\n\t\t\t\t\t\t\t<\/select>\n\t\t<\/div>\n\t\t\t\t\t\t<\/div>\n\t\t\t\t\t\t\t\t<div class=\"elementor-field-type-email elementor-field-group elementor-column elementor-field-group-email elementor-col-100 elementor-field-required\">\n\t\t\t\t\t\t\t\t\t\t\t\t<label for=\"form-field-email\" class=\"elementor-field-label elementor-screen-only\">\n\t\t\t\t\t\t\t\tE-Mail\t\t\t\t\t\t\t<\/label>\n\t\t\t\t\t\t\t\t\t\t\t\t\t\t<input size=\"1\" type=\"email\" name=\"form_fields[email]\" id=\"form-field-email\" class=\"elementor-field elementor-size-sm  elementor-field-textual\" placeholder=\"Ihre E-Mail-Adresse *\" required=\"required\">\n\t\t\t\t\t\t\t\t\t\t\t<\/div>\n\t\t\t\t\t\t\t\t<div class=\"elementor-field-type-tel elementor-field-group elementor-column elementor-field-group-tel elementor-col-100 elementor-field-required\">\n\t\t\t\t\t\t\t\t\t\t\t\t<label for=\"form-field-tel\" class=\"elementor-field-label elementor-screen-only\">\n\t\t\t\t\t\t\t\tTelefon\t\t\t\t\t\t\t<\/label>\n\t\t\t\t\t\t\t\t<input size=\"1\" type=\"tel\" name=\"form_fields[tel]\" id=\"form-field-tel\" class=\"elementor-field elementor-size-sm  elementor-field-textual\" placeholder=\"Ihr Telefon *\" required=\"required\" pattern=\"[0-9()#&amp;+*-=.]+\" title=\"Seuls les caract\u00e8res de num\u00e9ros de t\u00e9l\u00e9phone (#, -, *, etc.) sont accept\u00e9s.\">\n\n\t\t\t\t\t\t<\/div>\n\t\t\t\t\t\t\t\t<div class=\"elementor-field-type-textarea elementor-field-group elementor-column elementor-field-group-message elementor-col-100 elementor-field-required\">\n\t\t\t\t\t\t\t\t\t\t\t\t<label for=\"form-field-message\" class=\"elementor-field-label elementor-screen-only\">\n\t\t\t\t\t\t\t\tNachricht\t\t\t\t\t\t\t<\/label>\n\t\t\t\t\t\t<textarea class=\"elementor-field-textual elementor-field  elementor-size-sm\" name=\"form_fields[message]\" id=\"form-field-message\" rows=\"4\" placeholder=\"Ihre Nachricht *\" required=\"required\"><\/textarea>\t\t\t\t<\/div>\n\t\t\t\t\t\t\t\t<div class=\"elementor-field-type-acceptance elementor-field-group elementor-column elementor-field-group-field_10516b5 elementor-col-100\">\n\t\t\t\t\t\t\t\t\t\t\t\t<label for=\"form-field-field_10516b5\" class=\"elementor-field-label elementor-screen-only\">\n\t\t\t\t\t\t\t\tDSGVO\t\t\t\t\t\t\t<\/label>\n\t\t\t\t\t\t\t\t<div class=\"elementor-field-subgroup\">\n\t\t\t<span class=\"elementor-field-option\">\n\t\t\t\t<input type=\"checkbox\" name=\"form_fields[field_10516b5]\" id=\"form-field-field_10516b5\" class=\"elementor-field elementor-size-sm  elementor-acceptance-field\">\n\t\t\t\t<label for=\"form-field-field_10516b5\"> Ja, ich gebe meine Zustimmung **.<\/label>\t\t\t<\/span>\n\t\t<\/div>\n\t\t\t\t\t\t<\/div>\n\t\t\t\t\t\t\t\t<div class=\"elementor-field-group elementor-column elementor-field-type-submit elementor-col-100 e-form__buttons\">\n\t\t\t\t\t<button class=\"elementor-button elementor-size-sm\" type=\"submit\">\n\t\t\t\t\t\t<span class=\"elementor-button-content-wrapper\">\n\t\t\t\t\t\t\t\t\t\t\t\t\t\t\t\t\t\t\t\t\t\t<span class=\"elementor-button-text\">Senden *<\/span>\n\t\t\t\t\t\t\t\t\t\t\t\t\t<\/span>\n\t\t\t\t\t<\/button>\n\t\t\t\t<\/div>\n\t\t\t<\/div>\n\t\t<input type=\"hidden\" name=\"trp-form-language\" value=\"de\"\/><\/form>\n\t\t\t\t\t\t<\/div>\n\t\t\t\t<\/div>\n\t\t\t\t<div class=\"elementor-element elementor-element-8bff702 elementor-widget elementor-widget-text-editor\" data-id=\"8bff702\" data-element_type=\"widget\" data-widget_type=\"text-editor.default\">\n\t\t\t\t<div class=\"elementor-widget-container\">\n\t\t\t\t\t\t\t\t\t<p>*Diese Felder m\u00fcssen ausgef\u00fcllt werden. Diese Informationen werden vertraulich behandelt und nicht an Dritte weitergegeben.<\/p><p>**Mit dem Absenden dieses Formulars stimme ich zu, dass die in diesem Formular erfassten Informationen verwendet und verarbeitet werden, um mich im Rahmen meiner Informationsanfrage per E-Mail oder Telefon kontaktieren zu k\u00f6nnen. Um Ihre Rechte zu erfahren und auszu\u00fcben, einschlie\u00dflich des Widerrufs der Zustimmung zur Verwendung der durch dieses Formular gesammelten Daten. Bitte lesen Sie unsere Datenschutzbestimmungen.\u00a0<span style=\"color: #d2bf8b;\"><a style=\"color: #d2bf8b;\" href=\"\/de\/gesetzliche-hinweise\/\">Rechtliche Hinweise<\/a><\/span><\/p>\t\t\t\t\t\t\t\t<\/div>\n\t\t\t\t<\/div>\n\t\t\t\t<\/div>\n\t\t<div class=\"elementor-element elementor-element-508d69ee e-con-full e-flex e-con e-child\" data-id=\"508d69ee\" data-element_type=\"container\">\n\t\t\t\t<div class=\"elementor-element elementor-element-4ff48426 elementor-widget elementor-widget-image\" data-id=\"4ff48426\" data-element_type=\"widget\" data-widget_type=\"image.default\">\n\t\t\t\t<div class=\"elementor-widget-container\">\n\t\t\t\t\t\t\t\t\t\t\t\t\t\t\t<img decoding=\"async\" width=\"110\" height=\"4\" src=\"https:\/\/www.mercure-axlesthermes.com\/wp-content\/uploads\/2024\/04\/Groupe-525.svg\" class=\"attachment-full size-full wp-image-86\" alt=\"\" title=\"\">\t\t\t\t\t\t\t\t\t\t\t\t\t\t\t<\/div>\n\t\t\t\t<\/div>\n\t\t\t\t<div class=\"elementor-element elementor-element-2eaf7433 elementor-widget elementor-widget-heading\" data-id=\"2eaf7433\" data-element_type=\"widget\" data-widget_type=\"heading.default\">\n\t\t\t\t<div class=\"elementor-widget-container\">\n\t\t\t\t\t<h2 class=\"elementor-heading-title elementor-size-default\">Kontaktieren Sie uns<\/h2>\t\t\t\t<\/div>\n\t\t\t\t<\/div>\n\t\t\t\t<div class=\"elementor-element elementor-element-76dd98ba elementor-align-left elementor-icon-list--layout-traditional elementor-list-item-link-full_width elementor-widget elementor-widget-icon-list\" data-id=\"76dd98ba\" data-element_type=\"widget\" data-widget_type=\"icon-list.default\">\n\t\t\t\t<div class=\"elementor-widget-container\">\n\t\t\t\t\t\t\t<ul class=\"elementor-icon-list-items\">\n\t\t\t\t\t\t\t<li class=\"elementor-icon-list-item\">\n\t\t\t\t\t\t\t\t\t\t\t<span class=\"elementor-icon-list-icon\">\n\t\t\t\t\t\t\t<i aria-hidden=\"true\" class=\"eliofont eliofont-placeholder\"><\/i>\t\t\t\t\t\t<\/span>\n\t\t\t\t\t\t\t\t\t\t<span class=\"elementor-icon-list-text\">6 chemin de la condamine, 09110 - AX LES THERMES, Frankreich<\/span>\n\t\t\t\t\t\t\t\t\t<\/li>\n\t\t\t\t\t\t\t\t<li class=\"elementor-icon-list-item\">\n\t\t\t\t\t\t\t\t\t\t\t<a href=\"tel:+33519083610\">\n\n\t\t\t\t\t\t\t\t\t\t\t\t<span class=\"elementor-icon-list-icon\">\n\t\t\t\t\t\t\t<i aria-hidden=\"true\" class=\"eliofont eliofont-guestroom-phone\"><\/i>\t\t\t\t\t\t<\/span>\n\t\t\t\t\t\t\t\t\t\t<span class=\"elementor-icon-list-text\">+33 5 19 08 36 10<\/span>\n\t\t\t\t\t\t\t\t\t\t\t<\/a>\n\t\t\t\t\t\t\t\t\t<\/li>\n\t\t\t\t\t\t<\/ul>\n\t\t\t\t\t\t<\/div>\n\t\t\t\t<\/div>\n\t\t\t\t<\/div>\n\t\t\t\t\t<\/div>\n\t\t\t\t<\/div>\n\t\t<div class=\"elementor-element elementor-element-1098bcc0 e-con-full e-flex e-con e-parent\" data-id=\"1098bcc0\" data-element_type=\"container\">\n\t\t\t\t<div class=\"elementor-element elementor-element-7ce76b50 elementor-widget elementor-widget-google_maps\" data-id=\"7ce76b50\" data-element_type=\"widget\" data-widget_type=\"google_maps.default\">\n\t\t\t\t<div class=\"elementor-widget-container\">\n\t\t\t\t\t\t\t<div class=\"elementor-custom-embed\">\n\t\t\t<iframe loading=\"lazy\"\n\t\t\t\t\tsrc=\"https:\/\/maps.google.com\/maps?q=H%C3%B4tel%20Mercure%20Ax-les-Thermes%20&#038;t=m&#038;z=14&#038;output=embed&#038;iwloc=near\"\n\t\t\t\t\ttitle=\"Mercure Hotel Ax-les-Thermes \"\n\t\t\t\t\taria-label=\"Mercure Hotel Ax-les-Thermes \"\n\t\t\t><\/iframe>\n\t\t<\/div>\n\t\t\t\t\t\t<\/div>\n\t\t\t\t<\/div>\n\t\t\t\t<\/div>\n\t\t\t\t<\/div>","protected":false},"excerpt":{"rendered":"<p>Kontakt &amp; Anfahrt Hotel Mercure Ax les thermes Anreise Das Hotel Mercure Ax-les-Thermes ist von verschiedenen Verkehrsmitteln aus leicht zu erreichen, sei es mit dem Auto, dem Flugzeug oder dem Zug. Hier finden Sie alle praktischen Informationen, um zu unserem Hotel zu gelangen. Mit dem Auto Von Toulouse aus (ca. 1,5 Stunden Fahrt) Nehmen Sie die Autobahn A61 in [...]].<\/p>","protected":false},"author":5,"featured_media":165,"parent":0,"menu_order":0,"comment_status":"closed","ping_status":"closed","template":"","meta":{"inline_featured_image":false,"footnotes":""},"class_list":["post-161","page","type-page","status-publish","has-post-thumbnail","hentry"],"_links":{"self":[{"href":"https:\/\/www.mercure-axlesthermes.com\/de\/wp-json\/wp\/v2\/pages\/161","targetHints":{"allow":["GET"]}}],"collection":[{"href":"https:\/\/www.mercure-axlesthermes.com\/de\/wp-json\/wp\/v2\/pages"}],"about":[{"href":"https:\/\/www.mercure-axlesthermes.com\/de\/wp-json\/wp\/v2\/types\/page"}],"author":[{"embeddable":true,"href":"https:\/\/www.mercure-axlesthermes.com\/de\/wp-json\/wp\/v2\/users\/5"}],"replies":[{"embeddable":true,"href":"https:\/\/www.mercure-axlesthermes.com\/de\/wp-json\/wp\/v2\/comments?post=161"}],"version-history":[{"count":37,"href":"https:\/\/www.mercure-axlesthermes.com\/de\/wp-json\/wp\/v2\/pages\/161\/revisions"}],"predecessor-version":[{"id":1338,"href":"https:\/\/www.mercure-axlesthermes.com\/de\/wp-json\/wp\/v2\/pages\/161\/revisions\/1338"}],"wp:featuredmedia":[{"embeddable":true,"href":"https:\/\/www.mercure-axlesthermes.com\/de\/wp-json\/wp\/v2\/media\/165"}],"wp:attachment":[{"href":"https:\/\/www.mercure-axlesthermes.com\/de\/wp-json\/wp\/v2\/media?parent=161"}],"curies":[{"name":"wp","href":"https:\/\/api.w.org\/{rel}","templated":true}]}}